{"id":107,"date":"2025-04-07T09:20:54","date_gmt":"2025-04-07T09:20:54","guid":{"rendered":"https:\/\/jordan-renovations.ch\/?page_id=107"},"modified":"2025-04-07T09:59:46","modified_gmt":"2025-04-07T09:59:46","slug":"accueil","status":"publish","type":"page","link":"https:\/\/jordan-renovations.ch\/index.php\/accueil\/","title":{"rendered":"Plus d&rsquo;infos"},"content":{"rendered":"\n<blockquote class=\"wp-block-quote is-layout-flow wp-block-quote-is-layout-flow\">\n<p>Nous collaborons avec plusieurs marques reconnues dans le cadre de nos prestations de nettoyage, r\u00e9novation et peinture. Cette collaboration nous permet de garantir des r\u00e9sultats professionnels, durables et adapt\u00e9s aux besoins sp\u00e9cifiques de chaque chantier.<\/p>\n<\/blockquote>\n\n\n\n<div class=\"wp-block-columns is-layout-flex wp-container-core-columns-is-layout-9d6595d7 wp-block-columns-is-layout-flex\">\n<div class=\"wp-block-column is-vertically-aligned-center is-layout-flow wp-block-column-is-layout-flow\">\n<figure class=\"wp-block-image size-large is-resized\"><img decoding=\"async\" src=\"https:\/\/www.lebrun-renovation-la.ch\/wp-content\/uploads\/2023\/04\/SikkensSolutionsVertical-1024x668.png\" alt=\"\" style=\"width:215px;height:140px\"\/><\/figure>\n\n\n\n<figure class=\"wp-block-image size-full is-resized\"><img loading=\"lazy\" decoding=\"async\" width=\"556\" height=\"188\" src=\"https:\/\/jordan-renovations.ch\/wp-content\/uploads\/2023\/04\/image-7.png\" alt=\"\" class=\"wp-image-99\" style=\"width:253px;height:auto\" srcset=\"https:\/\/jordan-renovations.ch\/wp-content\/uploads\/2023\/04\/image-7.png 556w, https:\/\/jordan-renovations.ch\/wp-content\/uploads\/2023\/04\/image-7-300x101.png 300w\" sizes=\"auto, (max-width: 556px) 100vw, 556px\" \/><\/figure>\n<\/div>\n\n\n\n<div class=\"wp-block-column is-vertically-aligned-center is-layout-flow wp-block-column-is-layout-flow\">\n<figure class=\"wp-block-image size-large is-resized\"><img decoding=\"async\" src=\"https:\/\/www.lebrun-renovation-la.ch\/wp-content\/uploads\/2023\/04\/Herbollogo_NEU_RGB-300x189.jpg\" alt=\"\" style=\"width:264px;height:166px\"\/><\/figure>\n\n\n\n<figure class=\"wp-block-image size-large is-resized\"><img decoding=\"async\" src=\"https:\/\/www.guardindustry.com.au\/wp-content\/uploads\/2019\/05\/Logo-PROTECTGUARD.png\" alt=\"\" style=\"width:323px;height:auto\"\/><\/figure>\n<\/div>\n<\/div>\n\n\n\n<h2 class=\"wp-block-heading\">Un exemple<\/h2>\n\n\n\n<div class=\"wp-block-group\"><div class=\"wp-block-group__inner-container is-layout-constrained wp-block-group-is-layout-constrained\">\n<figure class=\"wp-block-video\"><video controls src=\"https:\/\/jordan-renovations.ch\/wp-content\/uploads\/2025\/04\/video_jordan.mp4\"><\/video><\/figure>\n<\/div><\/div>\n","protected":false},"excerpt":{"rendered":"<p>Nous collaborons avec plusieurs marques reconnues dans le cadre de nos prestations de [&hellip;]<\/p>\n","protected":false},"author":1,"featured_media":0,"parent":0,"menu_order":0,"comment_status":"closed","ping_status":"closed","template":"","meta":{"_seopress_robots_primary_cat":"","footnotes":""},"class_list":["post-107","page","type-page","status-publish","hentry"],"_links":{"self":[{"href":"https:\/\/jordan-renovations.ch\/index.php\/wp-json\/wp\/v2\/pages\/107","targetHints":{"allow":["GET"]}}],"collection":[{"href":"https:\/\/jordan-renovations.ch\/index.php\/wp-json\/wp\/v2\/pages"}],"about":[{"href":"https:\/\/jordan-renovations.ch\/index.php\/wp-json\/wp\/v2\/types\/page"}],"author":[{"embeddable":true,"href":"https:\/\/jordan-renovations.ch\/index.php\/wp-json\/wp\/v2\/users\/1"}],"replies":[{"embeddable":true,"href":"https:\/\/jordan-renovations.ch\/index.php\/wp-json\/wp\/v2\/comments?post=107"}],"version-history":[{"count":2,"href":"https:\/\/jordan-renovations.ch\/index.php\/wp-json\/wp\/v2\/pages\/107\/revisions"}],"predecessor-version":[{"id":252,"href":"https:\/\/jordan-renovations.ch\/index.php\/wp-json\/wp\/v2\/pages\/107\/revisions\/252"}],"wp:attachment":[{"href":"https:\/\/jordan-renovations.ch\/index.php\/wp-json\/wp\/v2\/media?parent=107"}],"curies":[{"name":"wp","href":"https:\/\/api.w.org\/{rel}","templated":true}]}}